{"id":1613,"date":"2022-06-05T00:47:15","date_gmt":"2022-06-05T00:47:15","guid":{"rendered":"https:\/\/dekorenteesti.ee\/?page_id=1613"},"modified":"2022-06-10T10:17:23","modified_gmt":"2022-06-10T07:17:23","slug":"kasutamine-ja-ohutusnouded","status":"publish","type":"page","link":"https:\/\/dekorenteesti.ee\/ru\/kasutamine-ja-ohutusnouded\/","title":{"rendered":"Kasutamine ja ohutusn\u00f5uded"},"content":{"rendered":"<div data-elementor-type=\"wp-page\" data-elementor-id=\"1613\" class=\"elementor elementor-1613\">\n\t\t\t\t\t\t\t\t\t<section class=\"elementor-section elementor-top-section elementor-element elementor-element-b6374a4 elementor-section-boxed elementor-section-height-default elementor-section-height-default\" data-id=\"b6374a4\" data-element_type=\"section\">\n\t\t\t\t\t\t<div class=\"elementor-container elementor-column-gap-default\">\n\t\t\t\t\t<div class=\"elementor-column elementor-col-100 elementor-top-column elementor-element elementor-element-f1559ef\" data-id=\"f1559ef\" data-element_type=\"column\">\n\t\t\t<div class=\"elementor-widget-wrap elementor-element-populated\">\n\t\t\t\t\t\t\t\t<div class=\"elementor-element elementor-element-a96f6a1 elementor-widget elementor-widget-heading\" data-id=\"a96f6a1\" data-element_type=\"widget\" data-widget_type=\"heading.default\">\n\t\t\t\t<div class=\"elementor-widget-container\">\n\t\t\t<style>\/*! elementor - v3.6.7 - 03-07-2022 *\/\n.elementor-heading-title{padding:0;margin:0;line-height:1}.elementor-widget-heading .elementor-heading-title[class*=elementor-size-]>a{color:inherit;font-size:inherit;line-height:inherit}.elementor-widget-heading .elementor-heading-title.elementor-size-small{font-size:15px}.elementor-widget-heading .elementor-heading-title.elementor-size-medium{font-size:19px}.elementor-widget-heading .elementor-heading-title.elementor-size-large{font-size:29px}.elementor-widget-heading .elementor-heading-title.elementor-size-xl{font-size:39px}.elementor-widget-heading .elementor-heading-title.elementor-size-xxl{font-size:59px}<\/style><h2 class=\"elementor-heading-title elementor-size-default\">Kasutamine ja ohutusn\u00f5uded<\/h2>\t\t<\/div>\n\t\t\t\t<\/div>\n\t\t\t\t<div class=\"elementor-element elementor-element-2bee917 elementor-widget elementor-widget-text-editor\" data-id=\"2bee917\" data-element_type=\"widget\" data-widget_type=\"text-editor.default\">\n\t\t\t\t<div class=\"elementor-widget-container\">\n\t\t\t<style>\/*! elementor - v3.6.7 - 03-07-2022 *\/\n.elementor-widget-text-editor.elementor-drop-cap-view-stacked .elementor-drop-cap{background-color:#818a91;color:#fff}.elementor-widget-text-editor.elementor-drop-cap-view-framed .elementor-drop-cap{color:#818a91;border:3px solid;background-color:transparent}.elementor-widget-text-editor:not(.elementor-drop-cap-view-default) .elementor-drop-cap{margin-top:8px}.elementor-widget-text-editor:not(.elementor-drop-cap-view-default) .elementor-drop-cap-letter{width:1em;height:1em}.elementor-widget-text-editor .elementor-drop-cap{float:left;text-align:center;line-height:1;font-size:50px}.elementor-widget-text-editor .elementor-drop-cap-letter{display:inline-block}<\/style>\t\t\t\t<p>Armas inimene, turvalisuse tagamiseks palume tutvuda <b>ohutusn\u00f5uetega<\/b>! Enne batuudile minemist, tuleks lastele selgitada mis on lubatud\/keelatud.<\/p>\n<p><b><br><\/b><\/p><p><b>OHUTUSN\u00d5UDED<\/b><\/p>\n<p>T\u00c4HELEPANU! Elektrooniline seade \u2013 t\u00e4iskasvanute j\u00e4relvalve n\u00f5utav<b>.&nbsp;<\/b>Meie tiim ei vastuta batuudi kasutamisel tekkinud \u00f5nnetusjuhtumite eest. Vigastuste korral v\u00f5tta koheselt \u00fchendust meedikuga.<\/p>\n<ul>\n<li aria-level=\"1\">\u00c4ra paigalda batuuti lahtise tule l\u00e4hedale; Batuuti ei tohi kasutada vihma, \u00e4ikese ja suure tuulega (40km\/h ehk 11m\/s) \u2013 \u00e4kktuul v\u00f5ib batuudi \u00fcles t\u00f5sta;<\/li>\n<li aria-level=\"1\">Batuuti ei tohi lohistada betoonil v\u00f5i muudel karedatel pindadel;<\/li>\n<li aria-level=\"1\">J\u00e4rgida vanuse ja kaalupiiranguid. \u00dcletada ei tohi maksimaalset kaalupiirangut<\/li>\n<li aria-level=\"1\">Kontrollige regulaarselt batuudi kinnitusvaiad \u00fcle. Kui m\u00f5ni vai on lahti, tuleb see koheselt haamriga maa sisse tagasi l\u00fc\u00fca;<\/li>\n<li aria-level=\"1\">Batuut peab olema \u00f5huga t\u00e4itunud enne kui lapsed tulevad peale. Batuut peab olema kogu kasutuse aja t\u00e4ielikult \u00f5huga t\u00e4itunud;<\/li>\n<li aria-level=\"1\">Kui batuut hakkab t\u00fchjenema, peavad lapsed batuudilt \u00e4ra tulema ning kontrollima elektris\u00fcsteemi. Kui viga ei ole koheselt tuvastatav, siis kontakteeruge meiega telefoni teel;<\/li>\n<li aria-level=\"1\">Kui rendiperioodi ajal hakkab vihma sadama, siis tuleb puhur koheselt v\u00e4lja l\u00fclitada ja vihma k\u00e4est varju alla viia v\u00f5i veekindel kate peale t\u00f5mmata, et v\u00e4ltida elekrtil\u00fchiseid. Batuut tuleb samuti kokku pakkida v\u00f5i v\u00e4hemalt veekindel kate peale t\u00f5mmata. K\u00f5ik meie batuudid on paigaldatud piisavalt suurele koormakattele, et seda oleks v\u00f5imalik ka batuudi katmiseks kasutada.<\/li>\n<\/ul>\n<p><b>NB! M\u00e4rga batuuti ei tohi kasutada, sest see muutub v\u00e4ga libedaks, v\u00f5ib p\u00f5hjustada kukkumisi ja kokkup\u00f5rkamisi.<\/b><\/p>\n<p><b>BATUUDIL ON KEELATUD:<\/b><\/p>\n<ul>\n<li style=\"list-style-type: none;\">\n<ul>\n<li aria-level=\"1\">Viibida jalan\u00f5udega<\/li>\n<li aria-level=\"1\">Olla teravate esemetega (<b>v\u00f5tmed, m\u00e4nguasjad, s\u00f5rmused, k\u00f5rvar\u00f5ngad, oksad, toikad jne<\/b>)<\/li>\n<li aria-level=\"1\">V\u00e4lis\u00e4\u00e4rtel ronimine ning ronimine seintel ja \u00e4\u00e4rtel<\/li>\n<li aria-level=\"1\">Teha ohtlikke h\u00fcppeid\/man\u00f6\u00f6vreid<\/li>\n<li aria-level=\"1\">Batuudi l\u00e4heduses ei tohi suitsetada &#8211; Batuudi kasutamine&nbsp;<b>tule l\u00e4hedal on KEELATUD!<\/b><\/li>\n<li aria-level=\"1\"><b>Lapsed peavad liugu laskma \u00f5ige tehikaga ehk jalad ees.<\/b><\/li>\n<li aria-level=\"1\">Batuudil s\u00f6\u00f6mine ja joomine on keelatud<\/li>\n<li aria-level=\"1\">Koduloomadel on keelatud viibida batuudil<\/li>\n<li aria-level=\"1\">Viibida rohkem isikuid, kui on lubatud. Maksimaalsed kandev\u00f5imed ja h\u00fcppajate arvud on v\u00e4lja toodud iga batuudi kirjelduses.<\/li>\n<\/ul>\n<\/li>\n<\/ul>\n<p><b>PAIGALDUS JA KOKKUPANEK<\/b><\/p>\n<p>K\u00f5ige parem asukoht batuutide paigaldamiseks on t\u00e4iesti tasane murupinnas kus puuduvad juured, kivid, oksad, naelad jne. \u00dcldiselt saab m\u00f5ne kivi ja toika liigutamisega muuta ala sobivaks ning kasutada batuudi aluskatet. \u00c4ra paigalda batuuti asfaldile, betoonile v\u00f5i muule k\u00f5vale pinnale!<\/p>\n<p>Batuut tuleb paigaldada niimoodi, et selle vahetus l\u00e4heduses ei oleks esemeid ega rajatisi, mille otsa on v\u00f5imalik kukkuda. Batuudile tuleks j\u00e4tta igast k\u00fcljest 2 meetrit vaba ruumi. Batuudi lium\u00e4gi ei tohiks olla vastu p\u00e4ikest \u2013 st. kui laps laseb lium\u00e4est alla ei tohiks p\u00e4ike teda pimestada.<\/p>\n<p>Batuudi kasutamine&nbsp;<b>tule l\u00e4hedal on KEELATUD!<\/b><\/p>\n<ul>\n<li aria-level=\"1\">Kui sobiv asukoht on leitud, siis rullitakse batuut murule laiali ja k\u00f5ik k\u00fcljed t\u00f5mmatakse sirgu.<\/li>\n<li aria-level=\"1\">Batuudi k\u00fcljel on t\u00e4itelohv (sissepuhumise toru), mis tuleb t\u00e4ies ulatuses lahti v\u00f5tta. T\u00e4itelohv peab olema sirgelt ja ilma keerdudeta. \u00dchendage see kompressori (\u00f5hupumba) k\u00fclge ja veenduge, et see on turvaliselt kinnitatud ja heas korras.<\/li>\n<li aria-level=\"1\">Veenduge, et kompressori l\u00fclitusnupp on OFF asendis. On oluline tagada, et juhtmed on ohutud ning nendele komistamine v\u00e4listatud. Kompressor peab olema kindlalt paigutatud ja fikseeritud maapinnale enne batuudi kasutamist. Tagada, et kompressori asetuskoht oleks pr\u00fcgivaba ja komistamine sellele v\u00e4listatud. Kompressorit ei tohi millegagi katta ega sinna peale midagi asetada.<\/li>\n<li aria-level=\"1\">Kompressor \u00fchendatakse vooluv\u00f5rku, l\u00fclitatakse sisse (ON) ning batuut hakkab \u00f5huga t\u00e4ituma. Enne t\u00e4ielikult \u00f5huga t\u00e4itumist ja batuudi kinnitamist ei tohi keegi batuudi peale minna. Et batuut oleks koguaeg \u00f5hku t\u00e4is, j\u00e4tta l\u00fcliti ON asendisse.<\/li>\n<\/ul>\n<p><b>NB!<\/b>&nbsp;Hoida kompressor ja voolujuhe eemale veest ja niiskusest. Kui kompressor puutub kokku veega, eemalda voolujuhe kompressorilt.&nbsp;<b>\u00c4ra kasuta enne kui kompressor on t\u00e4ielikult kuiv.&nbsp;<\/b>Kui batuut on \u00f5huga t\u00e4itunud, tuleb see kinnitada! Batuudi kinnitamiseks maapinnale, vajuta vaiad l\u00e4bi k\u00f5ikide aasade. V\u00e4ltimaks batuudi \u00fcmberkukkumist h\u00fcppamise ajal, vajuta vaiad tugevalt s\u00fcgavale mulda 45 kraadise nurgaalla. Vaja v\u00f5ib minna haamrit v\u00f5i kuvaldat paremaks kinnitamiseks.<\/p>\n<p>KOKKUPANEK<\/p>\n<ul>\n<li aria-level=\"1\">Veendu, et k\u00f5ik lapsed on batuudilt lahkunud.<\/li>\n<li aria-level=\"1\">Veendu, et batuudile poleks j\u00e4\u00e4nud asju.<\/li>\n<li aria-level=\"1\">L\u00fclita kompressori nupp OFF.<\/li>\n<li aria-level=\"1\">\u00dchenda vooluv\u00f5rgust lahti kompressori juhe.<\/li>\n<li aria-level=\"1\">Eraldage batuut ja kompressor \u00fcksteisest.<\/li>\n<li aria-level=\"1\">Batuut peaks ise \u00f5hust t\u00fchjaks jooksma. Veenduge, et batuut on t\u00e4ielikult \u00f5hust t\u00fchjaks l\u00e4inud.<\/li>\n<li aria-level=\"1\">Eemaldage vaiad.<\/li>\n<li aria-level=\"1\">T\u00f5mmake kokkuvajunud batuudi k\u00fcljed v\u00f5imalikult sirgeks<\/li>\n<li aria-level=\"1\">Voltige batuut kokku m\u00f5lemast k\u00fcljest pooleks. Seej\u00e4rel veel 2 korda vertikaalselt esimesest korrast.<\/li>\n<li aria-level=\"1\">Rullige batuut tihedalt kokku.<\/li>\n<li aria-level=\"1\">Voltige batuudikate kokku ning pange asjad batuudi kotti<\/li>\n<\/ul>\n<ul>\n<p>Fail: <a href=\"https:\/\/dekorenteesti.ee\/wp-content\/uploads\/2022\/06\/KASUTUSJUHEND-JA-OHUTUSNOUDED-KODULEHELE.pdf\">Batuut &#8220;Takistusrada&#8221;.pdf<\/a><\/p>\n<\/ul>\t\t\t\t\t\t<\/div>\n\t\t\t\t<\/div>\n\t\t\t\t\t<\/div>\n\t\t<\/div>\n\t\t\t\t\t\t\t<\/div>\n\t\t<\/section>\n\t\t\t\t\t\t\t<\/div>","protected":false},"excerpt":{"rendered":"<p>Kasutamine ja ohutusn\u00f5uded Armas inimene, turvalisuse tagamiseks palume tutvuda ohutusn\u00f5uetega! Enne batuudile minemist, tuleks lastele selgitada mis on lubatud\/keelatud. OHUTUSN\u00d5UDED T\u00c4HELEPANU! Elektrooniline seade \u2013 t\u00e4iskasvanute j\u00e4relvalve n\u00f5utav.&nbsp;Meie tiim ei vastuta batuudi kasutamisel tekkinud \u00f5nnetusjuhtumite eest. Vigastuste korral v\u00f5tta koheselt \u00fchendust meedikuga. \u00c4ra paigalda batuuti lahtise tule l\u00e4hedale; Batuuti ei tohi kasutada vihma, \u00e4ikese ja suure &hellip;<\/p>\n<p class=\"read-more\"> <a class=\"\" href=\"https:\/\/dekorenteesti.ee\/ru\/kasutamine-ja-ohutusnouded\/\"> <span class=\"screen-reader-text\">Kasutamine ja ohutusn\u00f5uded<\/span> \u0427\u0438\u0442\u0430\u0442\u044c \u043f\u043e\u043b\u043d\u043e\u0441\u0442\u044c\u044e &raquo;<\/a><\/p>","protected":false},"author":1,"featured_media":0,"parent":0,"menu_order":20,"comment_status":"closed","ping_status":"closed","template":"","meta":{"site-sidebar-layout":"no-sidebar","site-content-layout":"page-builder","ast-global-header-display":"","ast-main-header-display":"","ast-hfb-above-header-display":"","ast-hfb-below-header-display":"","ast-hfb-mobile-header-display":"","site-post-title":"disabled","ast-breadcrumbs-content":"","ast-featured-img":"disabled","footer-sml-layout":"","theme-transparent-header-meta":"disabled","adv-header-id-meta":"","stick-header-meta":"","header-above-stick-meta":"","header-main-stick-meta":"","header-below-stick-meta":"","footnotes":""},"class_list":["post-1613","page","type-page","status-publish","hentry"],"rankMath":{"parentDomain":"dekorenteesti.ee","noFollowDomains":[],"noFollowExcludeDomains":[],"noFollowExternalLinks":false,"featuredImageNotice":"\u041f\u043e\u043a\u0430\u0437\u0430\u043d\u043d\u043e\u0435 \u0438\u0437\u043e\u0431\u0440\u0430\u0436\u0435\u043d\u0438\u0435 \u0434\u043e\u043b\u0436\u043d\u043e \u0431\u044b\u0442\u044c \u0440\u0430\u0437\u043c\u0435\u0440\u043e\u043c \u043d\u0435 \u043c\u0435\u043d\u0435\u0435 200 \u043d\u0430 200 \u043f\u0438\u043a\u0441\u0435\u043b\u0435\u0439, \u0447\u0442\u043e\u0431\u044b \u0435\u0433\u043e \u043c\u043e\u0433\u043b\u0438 \u0443\u0432\u0438\u0434\u0435\u0442\u044c Facebook \u0438 \u0434\u0440\u0443\u0433\u0438\u0435 \u0441\u0430\u0439\u0442\u044b \u0441\u043e\u0446\u0438\u0430\u043b\u044c\u043d\u044b\u0445 \u0441\u0435\u0442\u0435\u0439.","pluginReviewed":false,"postSettings":{"linkSuggestions":true,"useFocusKeyword":false},"frontEndScore":false,"postName":"kasutamine-ja-ohutusnouded","permalinkFormat":"https:\/\/dekorenteesti.ee\/ru\/%pagename%\/","showLockModifiedDate":true,"assessor":{"focusKeywordLink":"https:\/\/dekorenteesti.ee\/wp-admin\/edit.php?focus_keyword=%focus_keyword%&post_type=%post_type%","hasTOCPlugin":{"essential-addons-for-elementor-lite\/essential_adons_elementor.php":"Essential Addons for Elementor"},"primaryTaxonomy":false,"serpData":{"title":"","description":"","focusKeywords":"","pillarContent":false,"canonicalUrl":"","breadcrumbTitle":"","advancedRobots":[],"facebookTitle":"","facebookDescription":"","facebookImage":"","facebookImageID":"","facebookHasOverlay":false,"facebookImageOverlay":"","facebookAuthor":"","twitterCardType":"","twitterUseFacebook":true,"twitterTitle":"","twitterDescription":"","twitterImage":"","twitterImageID":"","twitterHasOverlay":false,"twitterImageOverlay":"","twitterPlayerUrl":"","twitterPlayerSize":"","twitterPlayerStream":"","twitterPlayerStreamCtype":"","twitterAppDescription":"","twitterAppIphoneName":"","twitterAppIphoneID":"","twitterAppIphoneUrl":"","twitterAppIpadName":"","twitterAppIpadID":"","twitterAppIpadUrl":"","twitterAppGoogleplayName":"","twitterAppGoogleplayID":"","twitterAppGoogleplayUrl":"","twitterAppCountry":"","robots":{"index":true},"twitterAuthor":"\u0438\u043c\u044f \u043f\u043e\u043b\u044c\u0437\u043e\u0432\u0430\u0442\u0435\u043b\u044f","primaryTerm":0,"authorName":"admin","titleTemplate":"%title% %sep% %sitename%","descriptionTemplate":"%excerpt%","showScoreFrontend":true,"lockModifiedDate":false},"powerWords":[],"diacritics":{"A":"[\\u0410\\u0430]","B":"[\\u0411\\u0431]","V":"[\\u0412\\u0432]","G":"[\\u0413\\u0433]","D":"[\\u0414\\u0434]","YE":"[\\u0415\\u0435]","YO":"[\\u0401\\u0451]","ZH":"[\\u0416\\u0436]","Z":"[\\u0417\\u0437]","EE":"[\\u0418\\u0438]","YI":"[\\u0419\\u0439]","K":"[\\u041A\\u043A]","L":"[\\u041B\\u043B]","M":"[\\u041C\\u043c]","P":"[\\u041F\\u043F]","T":"[\\u0422\\u0442]","U":"[\\u0423\\u0443]","F":"[\\u0424\\u0444]","H":"[\\u0425\\u0445]","TS":"[\\u0426\\u0446]","CH":"[\\u0427\\u0447]","SH":"[\\u0428\\u0448\\u0429\\u0449]","I":"[\\u042B\\u044B]","E":"[\\u042D\\u044D]","YU":"[\\u042E\\u044E]","YA":"[\\u042F\\u044F]","N":"[\\u041D\\u043D]"},"researchesTests":["contentHasTOC","contentHasShortParagraphs","contentHasAssets","keywordInTitle","keywordInMetaDescription","keywordInPermalink","keywordIn10Percent","keywordInContent","keywordInSubheadings","keywordInImageAlt","keywordDensity","keywordNotUsed","lengthContent","lengthPermalink","linksHasInternal","linksHasExternals","linksNotAllExternals","titleStartWithKeyword","titleSentiment","titleHasPowerWords","titleHasNumber","hasContentAI"],"hasRedirection":false,"hasBreadcrumb":true},"homeUrl":"https:\/\/dekorenteesti.ee\/ru","objectID":1613,"objectType":"post","locale":"ru","localeFull":"ru_RU","overlayImages":{"play":{"name":"Play \u0438\u043a\u043e\u043d\u043a\u0430","url":"https:\/\/dekorenteesti.ee\/wp-content\/plugins\/seo-by-rank-math\/assets\/admin\/img\/icon-play.png","path":"\/data01\/virt111287\/domeenid\/www.dekorenteesti.ee\/htdocs\/wp-content\/plugins\/seo-by-rank-math\/assets\/admin\/img\/icon-play.png","position":"middle_center"},"gif":{"name":"GIF \u0438\u043a\u043e\u043d\u043a\u0430","url":"https:\/\/dekorenteesti.ee\/wp-content\/plugins\/seo-by-rank-math\/assets\/admin\/img\/icon-gif.png","path":"\/data01\/virt111287\/domeenid\/www.dekorenteesti.ee\/htdocs\/wp-content\/plugins\/seo-by-rank-math\/assets\/admin\/img\/icon-gif.png","position":"middle_center"}},"defautOgImage":"https:\/\/dekorenteesti.ee\/wp-content\/plugins\/seo-by-rank-math\/assets\/admin\/img\/social-placeholder.jpg","customPermalinks":true,"isUserRegistered":false,"autoSuggestKeywords":false,"connectSiteUrl":"https:\/\/rankmath.com\/auth?site=https%3A%2F%2Fdekorenteesti.ee%2Fru&r=https%3A%2F%2Fdekorenteesti.ee%2Fru%2Fwp-json%2Fwp%2Fv2%2Fpages%2F1613%3Fnonce%3D07b4bc78ed","maxTags":5,"trendsIcon":"<svg viewBox=\"0 0 610 610\"><path d=\"M18.85,446,174.32,290.48l58.08,58.08L76.93,504a14.54,14.54,0,0,1-20.55,0L18.83,466.48a14.54,14.54,0,0,1,0-20.55Z\" style=\"fill:#4285f4\"\/><path d=\"M242.65,242.66,377.59,377.6l-47.75,47.75a14.54,14.54,0,0,1-20.55,0L174.37,290.43l47.75-47.75A14.52,14.52,0,0,1,242.65,242.66Z\" style=\"fill:#ea4335\"\/><polygon points=\"319.53 319.53 479.26 159.8 537.34 217.88 377.61 377.62 319.53 319.53\" style=\"fill:#fabb05\"\/><path d=\"M594.26,262.73V118.61h0a16.94,16.94,0,0,0-16.94-16.94H433.2a16.94,16.94,0,0,0-12,28.92L565.34,274.71h0a16.94,16.94,0,0,0,28.92-12Z\" style=\"fill:#34a853\"\/><rect width=\"610\" height=\"610\" style=\"fill:none\"\/><\/svg>","showScore":true,"siteFavIcon":"data:image\/png;base64,iVBORw0KGgoAAAANSUhEUgAAABAAAAAQCAYAAAAf8\/9hAAABs0lEQVR4AWL4\/\/8\/RRjO8Iucx+noO0MWUDo16FYABMGP6ZfUcRnWtm27jVPbtm3bttuH2t3eFPcY9pLz7NxiLjCyVd87pKnHyqXyxtCs8APd0rnyxiu4qSeA3QEDrAwBDrT1s1Rc\/OrjLZwqVmOSu6+Lamcpp2KKMA9PH1BYXMe1mUP5qotvXTywsOEEYHXxrY+3cqk6TMkYpNr2FeoY3KIr0RPtn9wQ2unlA+GMkRw6+9TFw4YTwDUzx\/JVvARj9KaedXRO8P5B1Du2S32smzqUrcKGEyA+uAgQjKX7zf0boWHGfn71jIKj2689gxp7OAGShNcBUmLMPVjZuiKcA2vuWHHDCQxMCz629kXAIU4ApY15QwggAFbfOP9DhgBJ+nWVJ1AZAfICAj1pAlY6hCADZnveQf7bQIwzVONGJonhLIlS9gr5mFg44Xd+4S3XHoGNPdJl1INIwKyEgHckEhgTe1bGiFY9GSFBYUwLh1IkiJUbY407E7syBSFxKTszEoiE\/YdrgCEayDmtaJwCI9uu8TKMuZSVfSa4BpGgzvomBR\/INhLGzrqDotp01ZR8pn\/1L0JN9d9XNyx0AAAAAElFTkSuQmCC","canUser":{"general":false,"advanced":false,"snippet":false,"social":false,"analysis":false,"analytics":false,"content_ai":false},"showKeywordIntent":true,"isPro":false,"is_front_page":false,"trendsUpgradeLink":"https:\/\/rankmath.com\/pricing\/?utm_source=Plugin&utm_medium=CE%20General%20Tab%20Trends&utm_campaign=WP","trendsUpgradeLabel":"\u0410\u043f\u0433\u0440\u0435\u0439\u0434","trendsPreviewImage":"https:\/\/dekorenteesti.ee\/wp-content\/plugins\/seo-by-rank-math\/assets\/admin\/img\/trends-preview.jpg","currentEditor":false,"homepageData":{"assessor":{"powerWords":[],"diacritics":true,"researchesTests":["contentHasTOC","contentHasShortParagraphs","contentHasAssets","keywordInTitle","keywordInMetaDescription","keywordInPermalink","keywordIn10Percent","keywordInContent","keywordInSubheadings","keywordInImageAlt","keywordDensity","keywordNotUsed","lengthContent","lengthPermalink","linksHasInternal","linksHasExternals","linksNotAllExternals","titleStartWithKeyword","titleSentiment","titleHasPowerWords","titleHasNumber","hasContentAI"],"hasBreadcrumb":true,"serpData":{"title":"%sitename% %page% %sep% %sitedesc%","description":"","titleTemplate":"%sitename% %page% %sep% %sitedesc%","descriptionTemplate":"","focusKeywords":"","breadcrumbTitle":"Home","robots":{"index":true},"advancedRobots":[],"facebookTitle":"","facebookDescription":"","facebookImage":"","facebookImageID":""}}},"tocTitle":"Table of Contents","tocExcludeHeadings":[],"listStyle":"ul"},"_links":{"self":[{"href":"https:\/\/dekorenteesti.ee\/ru\/wp-json\/wp\/v2\/pages\/1613","targetHints":{"allow":["GET"]}}],"collection":[{"href":"https:\/\/dekorenteesti.ee\/ru\/wp-json\/wp\/v2\/pages"}],"about":[{"href":"https:\/\/dekorenteesti.ee\/ru\/wp-json\/wp\/v2\/types\/page"}],"author":[{"embeddable":true,"href":"https:\/\/dekorenteesti.ee\/ru\/wp-json\/wp\/v2\/users\/1"}],"replies":[{"embeddable":true,"href":"https:\/\/dekorenteesti.ee\/ru\/wp-json\/wp\/v2\/comments?post=1613"}],"version-history":[{"count":18,"href":"https:\/\/dekorenteesti.ee\/ru\/wp-json\/wp\/v2\/pages\/1613\/revisions"}],"predecessor-version":[{"id":1694,"href":"https:\/\/dekorenteesti.ee\/ru\/wp-json\/wp\/v2\/pages\/1613\/revisions\/1694"}],"wp:attachment":[{"href":"https:\/\/dekorenteesti.ee\/ru\/wp-json\/wp\/v2\/media?parent=1613"}],"curies":[{"name":"wp","href":"https:\/\/api.w.org\/{rel}","templated":true}]}}