{"id":1319,"date":"2021-11-21T15:14:19","date_gmt":"2021-11-21T15:14:19","guid":{"rendered":"https:\/\/dekorenteesti.ee\/about\/"},"modified":"2023-05-28T10:36:14","modified_gmt":"2023-05-28T07:36:14","slug":"ettevottest","status":"publish","type":"page","link":"https:\/\/dekorenteesti.ee\/ru\/ettevottest\/","title":{"rendered":"\u041e \u043a\u043e\u043c\u043f\u0430\u043d\u0438\u0438"},"content":{"rendered":"<div data-elementor-type=\"wp-page\" data-elementor-id=\"1319\" class=\"elementor elementor-1319\">\n\t\t\t\t\t\t\t\t\t<section class=\"elementor-section elementor-top-section elementor-element elementor-element-2a0cad5 elementor-section-height-min-height elementor-section-boxed elementor-section-height-default elementor-section-items-middle\" data-id=\"2a0cad5\" data-element_type=\"section\" data-settings=\"{&quot;background_background&quot;:&quot;classic&quot;}\">\n\t\t\t\t\t\t\t<div class=\"elementor-background-overlay\"><\/div>\n\t\t\t\t\t\t\t<div class=\"elementor-container elementor-column-gap-default\">\n\t\t\t\t\t<div class=\"elementor-column elementor-col-100 elementor-top-column elementor-element elementor-element-49adce9\" data-id=\"49adce9\" data-element_type=\"column\">\n\t\t\t<div class=\"elementor-widget-wrap elementor-element-populated\">\n\t\t\t\t\t\t\t\t<div class=\"elementor-element elementor-element-dbf532e elementor-widget elementor-widget-heading\" data-id=\"dbf532e\" data-element_type=\"widget\" data-widget_type=\"heading.default\">\n\t\t\t\t<div class=\"elementor-widget-container\">\n\t\t\t<style>\/*! elementor - v3.6.7 - 03-07-2022 *\/\n.elementor-heading-title{padding:0;margin:0;line-height:1}.elementor-widget-heading .elementor-heading-title[class*=elementor-size-]>a{color:inherit;font-size:inherit;line-height:inherit}.elementor-widget-heading .elementor-heading-title.elementor-size-small{font-size:15px}.elementor-widget-heading .elementor-heading-title.elementor-size-medium{font-size:19px}.elementor-widget-heading .elementor-heading-title.elementor-size-large{font-size:29px}.elementor-widget-heading .elementor-heading-title.elementor-size-xl{font-size:39px}.elementor-widget-heading .elementor-heading-title.elementor-size-xxl{font-size:59px}<\/style><h1 class=\"elementor-heading-title elementor-size-default\">\u041e \u043a\u043e\u043c\u043f\u0430\u043d\u0438\u0438<\/h1>\t\t<\/div>\n\t\t\t\t<\/div>\n\t\t\t\t\t<\/div>\n\t\t<\/div>\n\t\t\t\t\t\t\t<\/div>\n\t\t<\/section>\n\t\t\t\t<section class=\"elementor-section elementor-top-section elementor-element elementor-element-034f786 elementor-section-boxed elementor-section-height-default elementor-section-height-default elementor-invisible\" data-id=\"034f786\" data-element_type=\"section\" data-settings=\"{&quot;background_background&quot;:&quot;classic&quot;,&quot;animation&quot;:&quot;fadeIn&quot;}\">\n\t\t\t\t\t\t<div class=\"elementor-container elementor-column-gap-default\">\n\t\t\t\t\t<div class=\"elementor-column elementor-col-100 elementor-top-column elementor-element elementor-element-ba0c118\" data-id=\"ba0c118\" data-element_type=\"column\">\n\t\t\t<div class=\"elementor-widget-wrap elementor-element-populated\">\n\t\t\t\t\t\t\t\t<div class=\"elementor-element elementor-element-3dc998b elementor-widget elementor-widget-heading\" data-id=\"3dc998b\" data-element_type=\"widget\" data-widget_type=\"heading.default\">\n\t\t\t\t<div class=\"elementor-widget-container\">\n\t\t\t<p class=\"elementor-heading-title elementor-size-default\">\"Pereettev\u00f5tte, kes tegutseb Ida-Virumaal ning mille inspiratsiooniks oli meie poeg, kui soovisime\npidama hakata tema esimest s\u00fcnnip\u00e4eva. Peo planeerimise k\u00e4igus m\u00f5istsime kui keeruline on erinevatest kohtadest tooteid rentida ning kui kulukaks see k\u00f5ik osutub.\"\n<\/p>\t\t<\/div>\n\t\t\t\t<\/div>\n\t\t\t\t<div class=\"elementor-element elementor-element-988f379 elementor-widget elementor-widget-text-editor\" data-id=\"988f379\" data-element_type=\"widget\" data-widget_type=\"text-editor.default\">\n\t\t\t\t<div class=\"elementor-widget-container\">\n\t\t\t<style>\/*! elementor - v3.6.7 - 03-07-2022 *\/\n.elementor-widget-text-editor.elementor-drop-cap-view-stacked .elementor-drop-cap{background-color:#818a91;color:#fff}.elementor-widget-text-editor.elementor-drop-cap-view-framed .elementor-drop-cap{color:#818a91;border:3px solid;background-color:transparent}.elementor-widget-text-editor:not(.elementor-drop-cap-view-default) .elementor-drop-cap{margin-top:8px}.elementor-widget-text-editor:not(.elementor-drop-cap-view-default) .elementor-drop-cap-letter{width:1em;height:1em}.elementor-widget-text-editor .elementor-drop-cap{float:left;text-align:center;line-height:1;font-size:50px}.elementor-widget-text-editor .elementor-drop-cap-letter{display:inline-block}<\/style>\t\t\t\t<p>Meie missiooniks on pakkuda l\u00f5busaid ja meeldej\u00e4\u00e4vaid elamusi ning lastevanemate elu lihtsustamine, kes saaksid \u00fchest kohast k\u00f5ik tooted renditud, et korraldada l\u00f5bus s\u00fcnnip\u00e4evapidu &#8211; mida organiseeritum \u00fcritus, seda rohkem saavad lapsevanemad \u00fcritust nautida!<\/p><p>\u00a0<\/p><p>Samuti pakume oma renditooteid \u00fcritusteks ja t\u00e4htp\u00e4evadeks \u2013 S\u00fcnnip\u00e4evad, sauna\u00f5htud, aia- ja soolaleivapeod, firma\u00fcritused v\u00f5i m\u00f5ni muu meelelahutust vajav \u00fcritus.<\/p>\t\t\t\t\t\t<\/div>\n\t\t\t\t<\/div>\n\t\t\t\t<div class=\"elementor-element elementor-element-85d9689 elementor-widget elementor-widget-text-editor\" data-id=\"85d9689\" data-element_type=\"widget\" data-widget_type=\"text-editor.default\">\n\t\t\t\t<div class=\"elementor-widget-container\">\n\t\t\t\t\t\t\t<p>Meie tootevalikust leiab pehme j\u00e4\u00e4tise j\u00e4\u00e4tisemasina, j\u00e4\u00e4joogimasina, mini pannkoogimasina,\u00a0 batuute, peotelke ning teisi peotarvikuid.<\/p><p><strong>Teeme Sinu peo meeldej\u00e4\u00e4vaks!\u00a0<\/strong><br \/>Reelika ja Roland<\/p>\t\t\t\t\t\t<\/div>\n\t\t\t\t<\/div>\n\t\t\t\t\t<\/div>\n\t\t<\/div>\n\t\t\t\t\t\t\t<\/div>\n\t\t<\/section>\n\t\t\t\t\t\t\t<\/div>","protected":false},"excerpt":{"rendered":"<p>Ettev\u00f5ttest &#8220;Pereettev\u00f5tte, kes tegutseb Ida-Virumaal ning mille inspiratsiooniks oli meie poeg, kui soovisime pidama hakata tema esimest s\u00fcnnip\u00e4eva. Peo planeerimise k\u00e4igus m\u00f5istsime kui keeruline on erinevatest kohtadest tooteid rentida ning kui kulukaks see k\u00f5ik osutub.&#8221; Meie missiooniks on pakkuda l\u00f5busaid ja meeldej\u00e4\u00e4vaid elamusi ning lastevanemate elu lihtsustamine, kes saaksid \u00fchest kohast k\u00f5ik tooted renditud, et &hellip;<\/p>\n<p class=\"read-more\"> <a class=\"\" href=\"https:\/\/dekorenteesti.ee\/ru\/ettevottest\/\"> <span class=\"screen-reader-text\">\u041e \u043a\u043e\u043c\u043f\u0430\u043d\u0438\u0438<\/span> \u0427\u0438\u0442\u0430\u0442\u044c \u043f\u043e\u043b\u043d\u043e\u0441\u0442\u044c\u044e &raquo;<\/a><\/p>","protected":false},"author":1,"featured_media":0,"parent":0,"menu_order":2,"comment_status":"closed","ping_status":"closed","template":"","meta":{"site-sidebar-layout":"no-sidebar","site-content-layout":"page-builder","ast-global-header-display":"","ast-main-header-display":"","ast-hfb-above-header-display":"","ast-hfb-below-header-display":"","ast-hfb-mobile-header-display":"","site-post-title":"disabled","ast-breadcrumbs-content":"","ast-featured-img":"disabled","footer-sml-layout":"","theme-transparent-header-meta":"disabled","adv-header-id-meta":"","stick-header-meta":"","header-above-stick-meta":"","header-main-stick-meta":"","header-below-stick-meta":"","footnotes":""},"class_list":["post-1319","page","type-page","status-publish","hentry"],"rankMath":{"parentDomain":"dekorenteesti.ee","noFollowDomains":[],"noFollowExcludeDomains":[],"noFollowExternalLinks":false,"featuredImageNotice":"\u041f\u043e\u043a\u0430\u0437\u0430\u043d\u043d\u043e\u0435 \u0438\u0437\u043e\u0431\u0440\u0430\u0436\u0435\u043d\u0438\u0435 \u0434\u043e\u043b\u0436\u043d\u043e \u0431\u044b\u0442\u044c \u0440\u0430\u0437\u043c\u0435\u0440\u043e\u043c \u043d\u0435 \u043c\u0435\u043d\u0435\u0435 200 \u043d\u0430 200 \u043f\u0438\u043a\u0441\u0435\u043b\u0435\u0439, \u0447\u0442\u043e\u0431\u044b \u0435\u0433\u043e \u043c\u043e\u0433\u043b\u0438 \u0443\u0432\u0438\u0434\u0435\u0442\u044c Facebook \u0438 \u0434\u0440\u0443\u0433\u0438\u0435 \u0441\u0430\u0439\u0442\u044b \u0441\u043e\u0446\u0438\u0430\u043b\u044c\u043d\u044b\u0445 \u0441\u0435\u0442\u0435\u0439.","pluginReviewed":false,"postSettings":{"linkSuggestions":true,"useFocusKeyword":false},"frontEndScore":false,"postName":"ettevottest","permalinkFormat":"https:\/\/dekorenteesti.ee\/ru\/%pagename%\/","showLockModifiedDate":true,"assessor":{"focusKeywordLink":"https:\/\/dekorenteesti.ee\/wp-admin\/edit.php?focus_keyword=%focus_keyword%&post_type=%post_type%","hasTOCPlugin":{"essential-addons-for-elementor-lite\/essential_adons_elementor.php":"Essential Addons for Elementor"},"primaryTaxonomy":false,"serpData":{"title":"","description":"","focusKeywords":"","pillarContent":false,"canonicalUrl":"","breadcrumbTitle":"","advancedRobots":[],"facebookTitle":"","facebookDescription":"","facebookImage":"","facebookImageID":"","facebookHasOverlay":false,"facebookImageOverlay":"","facebookAuthor":"","twitterCardType":"","twitterUseFacebook":true,"twitterTitle":"","twitterDescription":"","twitterImage":"","twitterImageID":"","twitterHasOverlay":false,"twitterImageOverlay":"","twitterPlayerUrl":"","twitterPlayerSize":"","twitterPlayerStream":"","twitterPlayerStreamCtype":"","twitterAppDescription":"","twitterAppIphoneName":"","twitterAppIphoneID":"","twitterAppIphoneUrl":"","twitterAppIpadName":"","twitterAppIpadID":"","twitterAppIpadUrl":"","twitterAppGoogleplayName":"","twitterAppGoogleplayID":"","twitterAppGoogleplayUrl":"","twitterAppCountry":"","robots":{"index":true},"twitterAuthor":"\u0438\u043c\u044f \u043f\u043e\u043b\u044c\u0437\u043e\u0432\u0430\u0442\u0435\u043b\u044f","primaryTerm":0,"authorName":"admin","titleTemplate":"%title% %sep% %sitename%","descriptionTemplate":"%excerpt%","showScoreFrontend":true,"lockModifiedDate":false},"powerWords":[],"diacritics":{"A":"[\\u0410\\u0430]","B":"[\\u0411\\u0431]","V":"[\\u0412\\u0432]","G":"[\\u0413\\u0433]","D":"[\\u0414\\u0434]","YE":"[\\u0415\\u0435]","YO":"[\\u0401\\u0451]","ZH":"[\\u0416\\u0436]","Z":"[\\u0417\\u0437]","EE":"[\\u0418\\u0438]","YI":"[\\u0419\\u0439]","K":"[\\u041A\\u043A]","L":"[\\u041B\\u043B]","M":"[\\u041C\\u043c]","P":"[\\u041F\\u043F]","T":"[\\u0422\\u0442]","U":"[\\u0423\\u0443]","F":"[\\u0424\\u0444]","H":"[\\u0425\\u0445]","TS":"[\\u0426\\u0446]","CH":"[\\u0427\\u0447]","SH":"[\\u0428\\u0448\\u0429\\u0449]","I":"[\\u042B\\u044B]","E":"[\\u042D\\u044D]","YU":"[\\u042E\\u044E]","YA":"[\\u042F\\u044F]","N":"[\\u041D\\u043D]"},"researchesTests":["contentHasTOC","contentHasShortParagraphs","contentHasAssets","keywordInTitle","keywordInMetaDescription","keywordInPermalink","keywordIn10Percent","keywordInContent","keywordInSubheadings","keywordInImageAlt","keywordDensity","keywordNotUsed","lengthContent","lengthPermalink","linksHasInternal","linksHasExternals","linksNotAllExternals","titleStartWithKeyword","titleSentiment","titleHasPowerWords","titleHasNumber","hasContentAI"],"hasRedirection":false,"hasBreadcrumb":true},"homeUrl":"https:\/\/dekorenteesti.ee\/ru","objectID":1319,"objectType":"post","locale":"ru","localeFull":"ru_RU","overlayImages":{"play":{"name":"Play \u0438\u043a\u043e\u043d\u043a\u0430","url":"https:\/\/dekorenteesti.ee\/wp-content\/plugins\/seo-by-rank-math\/assets\/admin\/img\/icon-play.png","path":"\/data01\/virt111287\/domeenid\/www.dekorenteesti.ee\/htdocs\/wp-content\/plugins\/seo-by-rank-math\/assets\/admin\/img\/icon-play.png","position":"middle_center"},"gif":{"name":"GIF \u0438\u043a\u043e\u043d\u043a\u0430","url":"https:\/\/dekorenteesti.ee\/wp-content\/plugins\/seo-by-rank-math\/assets\/admin\/img\/icon-gif.png","path":"\/data01\/virt111287\/domeenid\/www.dekorenteesti.ee\/htdocs\/wp-content\/plugins\/seo-by-rank-math\/assets\/admin\/img\/icon-gif.png","position":"middle_center"}},"defautOgImage":"https:\/\/dekorenteesti.ee\/wp-content\/plugins\/seo-by-rank-math\/assets\/admin\/img\/social-placeholder.jpg","customPermalinks":true,"isUserRegistered":false,"autoSuggestKeywords":false,"connectSiteUrl":"https:\/\/rankmath.com\/auth?site=https%3A%2F%2Fdekorenteesti.ee%2Fru&r=https%3A%2F%2Fdekorenteesti.ee%2Fru%2Fwp-json%2Fwp%2Fv2%2Fpages%2F1319%3Fnonce%3D9c8b91a3ec","maxTags":5,"trendsIcon":"<svg viewBox=\"0 0 610 610\"><path d=\"M18.85,446,174.32,290.48l58.08,58.08L76.93,504a14.54,14.54,0,0,1-20.55,0L18.83,466.48a14.54,14.54,0,0,1,0-20.55Z\" style=\"fill:#4285f4\"\/><path d=\"M242.65,242.66,377.59,377.6l-47.75,47.75a14.54,14.54,0,0,1-20.55,0L174.37,290.43l47.75-47.75A14.52,14.52,0,0,1,242.65,242.66Z\" style=\"fill:#ea4335\"\/><polygon points=\"319.53 319.53 479.26 159.8 537.34 217.88 377.61 377.62 319.53 319.53\" style=\"fill:#fabb05\"\/><path d=\"M594.26,262.73V118.61h0a16.94,16.94,0,0,0-16.94-16.94H433.2a16.94,16.94,0,0,0-12,28.92L565.34,274.71h0a16.94,16.94,0,0,0,28.92-12Z\" style=\"fill:#34a853\"\/><rect width=\"610\" height=\"610\" style=\"fill:none\"\/><\/svg>","showScore":true,"siteFavIcon":"data:image\/png;base64,iVBORw0KGgoAAAANSUhEUgAAABAAAAAQCAYAAAAf8\/9hAAABs0lEQVR4AWL4\/\/8\/RRjO8Iucx+noO0MWUDo16FYABMGP6ZfUcRnWtm27jVPbtm3bttuH2t3eFPcY9pLz7NxiLjCyVd87pKnHyqXyxtCs8APd0rnyxiu4qSeA3QEDrAwBDrT1s1Rc\/OrjLZwqVmOSu6+Lamcpp2KKMA9PH1BYXMe1mUP5qotvXTywsOEEYHXxrY+3cqk6TMkYpNr2FeoY3KIr0RPtn9wQ2unlA+GMkRw6+9TFw4YTwDUzx\/JVvARj9KaedXRO8P5B1Du2S32smzqUrcKGEyA+uAgQjKX7zf0boWHGfn71jIKj2689gxp7OAGShNcBUmLMPVjZuiKcA2vuWHHDCQxMCz629kXAIU4ApY15QwggAFbfOP9DhgBJ+nWVJ1AZAfICAj1pAlY6hCADZnveQf7bQIwzVONGJonhLIlS9gr5mFg44Xd+4S3XHoGNPdJl1INIwKyEgHckEhgTe1bGiFY9GSFBYUwLh1IkiJUbY407E7syBSFxKTszEoiE\/YdrgCEayDmtaJwCI9uu8TKMuZSVfSa4BpGgzvomBR\/INhLGzrqDotp01ZR8pn\/1L0JN9d9XNyx0AAAAAElFTkSuQmCC","canUser":{"general":false,"advanced":false,"snippet":false,"social":false,"analysis":false,"analytics":false,"content_ai":false},"showKeywordIntent":true,"isPro":false,"is_front_page":false,"trendsUpgradeLink":"https:\/\/rankmath.com\/pricing\/?utm_source=Plugin&utm_medium=CE%20General%20Tab%20Trends&utm_campaign=WP","trendsUpgradeLabel":"\u0410\u043f\u0433\u0440\u0435\u0439\u0434","trendsPreviewImage":"https:\/\/dekorenteesti.ee\/wp-content\/plugins\/seo-by-rank-math\/assets\/admin\/img\/trends-preview.jpg","currentEditor":false,"homepageData":{"assessor":{"powerWords":[],"diacritics":true,"researchesTests":["contentHasTOC","contentHasShortParagraphs","contentHasAssets","keywordInTitle","keywordInMetaDescription","keywordInPermalink","keywordIn10Percent","keywordInContent","keywordInSubheadings","keywordInImageAlt","keywordDensity","keywordNotUsed","lengthContent","lengthPermalink","linksHasInternal","linksHasExternals","linksNotAllExternals","titleStartWithKeyword","titleSentiment","titleHasPowerWords","titleHasNumber","hasContentAI"],"hasBreadcrumb":true,"serpData":{"title":"%sitename% %page% %sep% %sitedesc%","description":"","titleTemplate":"%sitename% %page% %sep% %sitedesc%","descriptionTemplate":"","focusKeywords":"","breadcrumbTitle":"Home","robots":{"index":true},"advancedRobots":[],"facebookTitle":"","facebookDescription":"","facebookImage":"","facebookImageID":""}}},"tocTitle":"Table of Contents","tocExcludeHeadings":[],"listStyle":"ul"},"_links":{"self":[{"href":"https:\/\/dekorenteesti.ee\/ru\/wp-json\/wp\/v2\/pages\/1319","targetHints":{"allow":["GET"]}}],"collection":[{"href":"https:\/\/dekorenteesti.ee\/ru\/wp-json\/wp\/v2\/pages"}],"about":[{"href":"https:\/\/dekorenteesti.ee\/ru\/wp-json\/wp\/v2\/types\/page"}],"author":[{"embeddable":true,"href":"https:\/\/dekorenteesti.ee\/ru\/wp-json\/wp\/v2\/users\/1"}],"replies":[{"embeddable":true,"href":"https:\/\/dekorenteesti.ee\/ru\/wp-json\/wp\/v2\/comments?post=1319"}],"version-history":[{"count":87,"href":"https:\/\/dekorenteesti.ee\/ru\/wp-json\/wp\/v2\/pages\/1319\/revisions"}],"predecessor-version":[{"id":2545,"href":"https:\/\/dekorenteesti.ee\/ru\/wp-json\/wp\/v2\/pages\/1319\/revisions\/2545"}],"wp:attachment":[{"href":"https:\/\/dekorenteesti.ee\/ru\/wp-json\/wp\/v2\/media?parent=1319"}],"curies":[{"name":"wp","href":"https:\/\/api.w.org\/{rel}","templated":true}]}}